{"id":43,"date":"2026-04-13T20:32:22","date_gmt":"2026-04-13T20:32:22","guid":{"rendered":"https:\/\/discamargo.com\/?page_id=43"},"modified":"2026-04-17T03:24:06","modified_gmt":"2026-04-17T03:24:06","slug":"la-empresa","status":"publish","type":"page","link":"https:\/\/discamargo.com\/index.php\/la-empresa\/","title":{"rendered":"La Empresa"},"content":{"rendered":"\t\t<div data-elementor-type=\"wp-page\" data-elementor-id=\"43\" class=\"elementor elementor-43\" data-elementor-post-type=\"page\">\n\t\t\t\t<div class=\"elementor-element elementor-element-fe63df7 e-con-full e-flex e-con e-parent\" data-id=\"fe63df7\" data-element_type=\"container\" data-e-type=\"container\" data-settings=\"{&quot;background_background&quot;:&quot;video&quot;,&quot;background_video_link&quot;:&quot;https:\\\/\\\/youtu.be\\\/GcF61miAdmk&quot;,&quot;background_play_on_mobile&quot;:&quot;yes&quot;}\">\n\t\t<div class=\"elementor-background-video-container\">\n\t\t\t\t\t\t\t<div class=\"elementor-background-video-embed\" role=\"presentation\"><\/div>\n\t\t\t\t\t\t<\/div>\t\t<div class=\"elementor-element elementor-element-ca98e57 elementor-widget elementor-widget-heading\" data-id=\"ca98e57\" data-element_type=\"widget\" data-e-type=\"widget\" data-widget_type=\"heading.default\">\n\t\t\t\t\t<h2 class=\"elementor-heading-title elementor-size-default\">LA EMPRESA<\/h2>\t\t\t\t<\/div>\n\t\t\t\t<\/div>\n\t\t<div class=\"elementor-element elementor-element-df79b5f e-flex e-con-boxed e-con e-parent\" data-id=\"df79b5f\" data-element_type=\"container\" data-e-type=\"container\">\n\t\t\t\t\t<div class=\"e-con-inner\">\n\t\t\t\t<div class=\"elementor-element elementor-element-b153479 elementor-view-stacked elementor-shape-circle elementor-widget elementor-widget-icon\" data-id=\"b153479\" data-element_type=\"widget\" data-e-type=\"widget\" data-widget_type=\"icon.default\">\n\t\t\t\t\t\t\t<div class=\"elementor-icon-wrapper\">\n\t\t\t<div class=\"elementor-icon\">\n\t\t\t<svg aria-hidden=\"true\" class=\"e-font-icon-svg e-fas-building\" viewBox=\"0 0 448 512\" xmlns=\"http:\/\/www.w3.org\/2000\/svg\"><path d=\"M436 480h-20V24c0-13.255-10.745-24-24-24H56C42.745 0 32 10.745 32 24v456H12c-6.627 0-12 5.373-12 12v20h448v-20c0-6.627-5.373-12-12-12zM128 76c0-6.627 5.373-12 12-12h40c6.627 0 12 5.373 12 12v40c0 6.627-5.373 12-12 12h-40c-6.627 0-12-5.373-12-12V76zm0 96c0-6.627 5.373-12 12-12h40c6.627 0 12 5.373 12 12v40c0 6.627-5.373 12-12 12h-40c-6.627 0-12-5.373-12-12v-40zm52 148h-40c-6.627 0-12-5.373-12-12v-40c0-6.627 5.373-12 12-12h40c6.627 0 12 5.373 12 12v40c0 6.627-5.373 12-12 12zm76 160h-64v-84c0-6.627 5.373-12 12-12h40c6.627 0 12 5.373 12 12v84zm64-172c0 6.627-5.373 12-12 12h-40c-6.627 0-12-5.373-12-12v-40c0-6.627 5.373-12 12-12h40c6.627 0 12 5.373 12 12v40zm0-96c0 6.627-5.373 12-12 12h-40c-6.627 0-12-5.373-12-12v-40c0-6.627 5.373-12 12-12h40c6.627 0 12 5.373 12 12v40zm0-96c0 6.627-5.373 12-12 12h-40c-6.627 0-12-5.373-12-12V76c0-6.627 5.373-12 12-12h40c6.627 0 12 5.373 12 12v40z\"><\/path><\/svg>\t\t\t<\/div>\n\t\t<\/div>\n\t\t\t\t\t\t<\/div>\n\t\t\t\t\t<\/div>\n\t\t\t\t<\/div>\n\t\t<div class=\"elementor-element elementor-element-c356105 e-flex e-con-boxed e-con e-parent\" data-id=\"c356105\" data-element_type=\"container\" data-e-type=\"container\">\n\t\t\t\t\t<div class=\"e-con-inner\">\n\t\t\t\t<div class=\"elementor-element elementor-element-e571e9a elementor-widget elementor-widget-heading\" data-id=\"e571e9a\" data-element_type=\"widget\" data-e-type=\"widget\" data-widget_type=\"heading.default\">\n\t\t\t\t\t<h2 class=\"elementor-heading-title elementor-size-default\">\u00bfQui\u00e9nes Somos?\n\n\n<\/h2>\t\t\t\t<\/div>\n\t\t\t\t\t<\/div>\n\t\t\t\t<\/div>\n\t\t<div class=\"elementor-element elementor-element-c209a2e e-flex e-con-boxed e-con e-parent\" data-id=\"c209a2e\" data-element_type=\"container\" data-e-type=\"container\">\n\t\t\t\t\t<div class=\"e-con-inner\">\n\t\t\t\t<div class=\"elementor-element elementor-element-4b57744 elementor-widget elementor-widget-text-editor\" data-id=\"4b57744\" data-element_type=\"widget\" data-e-type=\"widget\" data-widget_type=\"text-editor.default\">\n\t\t\t\t\t\t\t\t\t<p data-start=\"99\" data-end=\"351\">Somos una empresa importadora directa de autopartes, con m\u00e1s de 40 a\u00f1os de experiencia en el mercado automotriz. Nos especializamos en ofrecer productos de alta calidad, respaldados por alianzas estrat\u00e9gicas con fabricantes internacionales reconocidos.<\/p><p data-start=\"99\" data-end=\"351\">Nos destacamos por nuestra solidez, cumplimiento y conocimiento t\u00e9cnico, brindando soluciones confiables que responden a las exigencias del sector. Nuestro enfoque est\u00e1 orientado a garantizar disponibilidad, precios competitivos y un servicio eficiente para nuestros clientes.<\/p><p data-start=\"99\" data-end=\"351\">\u00a0<\/p>\t\t\t\t\t\t\t\t<\/div>\n\t\t\t\t\t<\/div>\n\t\t\t\t<\/div>\n\t\t<div class=\"elementor-element elementor-element-887420f e-flex e-con-boxed e-con e-parent\" data-id=\"887420f\" data-element_type=\"container\" data-e-type=\"container\">\n\t\t\t\t\t<div class=\"e-con-inner\">\n\t\t<div class=\"elementor-element elementor-element-d0e22f9 e-con-full e-flex e-con e-child\" data-id=\"d0e22f9\" data-element_type=\"container\" data-e-type=\"container\">\n\t\t\t\t<div class=\"elementor-element elementor-element-903e7a0 elementor-widget elementor-widget-image\" data-id=\"903e7a0\" data-element_type=\"widget\" data-e-type=\"widget\" data-widget_type=\"image.default\">\n\t\t\t\t\t\t\t\t\t\t\t\t\t\t\t<img fetchpriority=\"high\" decoding=\"async\" width=\"800\" height=\"439\" src=\"https:\/\/discamargo.com\/wp-content\/uploads\/2026\/04\/Operario-en-bodega-copia-1024x562.webp\" class=\"attachment-large size-large wp-image-401\" alt=\"Discamargo Importador de auto partes con m\u00e1s de 40 a\u00f1os de experiencia\" srcset=\"https:\/\/discamargo.com\/wp-content\/uploads\/2026\/04\/Operario-en-bodega-copia-1024x562.webp 1024w, https:\/\/discamargo.com\/wp-content\/uploads\/2026\/04\/Operario-en-bodega-copia-300x165.webp 300w, https:\/\/discamargo.com\/wp-content\/uploads\/2026\/04\/Operario-en-bodega-copia-768x421.webp 768w, https:\/\/discamargo.com\/wp-content\/uploads\/2026\/04\/Operario-en-bodega-copia-1536x843.webp 1536w, https:\/\/discamargo.com\/wp-content\/uploads\/2026\/04\/Operario-en-bodega-copia-600x329.webp 600w, https:\/\/discamargo.com\/wp-content\/uploads\/2026\/04\/Operario-en-bodega-copia.webp 1693w\" sizes=\"(max-width: 800px) 100vw, 800px\" \/>\t\t\t\t\t\t\t\t\t\t\t\t\t\t\t<\/div>\n\t\t\t\t<\/div>\n\t\t<div class=\"elementor-element elementor-element-1c73301 e-con-full e-flex e-con e-child\" data-id=\"1c73301\" data-element_type=\"container\" data-e-type=\"container\">\n\t\t\t\t<div class=\"elementor-element elementor-element-d47e18a elementor-widget elementor-widget-text-editor\" data-id=\"d47e18a\" data-element_type=\"widget\" data-e-type=\"widget\" data-widget_type=\"text-editor.default\">\n\t\t\t\t\t\t\t\t\t<p><strong>Misi\u00f3n:<\/strong><\/p><p>Importar y distribuir autopartes de excelente calidad en diferentes marcas y a precios competitivos para veh\u00edculos japoneses y americanos con el objeto de satisfacer las necesidades de nuestros clientes, contribuyendo al progreso de nuestro pa\u00eds.<\/p>\t\t\t\t\t\t\t\t<\/div>\n\t\t\t\t<\/div>\n\t\t\t\t\t<\/div>\n\t\t\t\t<\/div>\n\t\t<div class=\"elementor-element elementor-element-94aeb2a e-flex e-con-boxed e-con e-parent\" data-id=\"94aeb2a\" data-element_type=\"container\" data-e-type=\"container\">\n\t\t\t\t\t<div class=\"e-con-inner\">\n\t\t<div class=\"elementor-element elementor-element-2e3f941 e-con-full e-flex e-con e-child\" data-id=\"2e3f941\" data-element_type=\"container\" data-e-type=\"container\">\n\t\t\t\t<div class=\"elementor-element elementor-element-4572b3b elementor-widget elementor-widget-text-editor\" data-id=\"4572b3b\" data-element_type=\"widget\" data-e-type=\"widget\" data-widget_type=\"text-editor.default\">\n\t\t\t\t\t\t\t\t\t<p><strong>Visi\u00f3n:<\/strong><\/p><p><strong>DISCAMARGO S.A<\/strong> seguir\u00e1 siendo reconocida a nivel nacional como l\u00edder en el mercado por su excelente atenci\u00f3n a sus clientes\u00a0mejorando continuamente para ofrecer los productos de calidad estando al d\u00eda con los cambios del parque automotor.<\/p><p>Experiencia en el sector de m\u00e1s de 40 a\u00f1os.<\/p>\t\t\t\t\t\t\t\t<\/div>\n\t\t\t\t<\/div>\n\t\t<div class=\"elementor-element elementor-element-bef091b e-con-full e-flex e-con e-child\" data-id=\"bef091b\" data-element_type=\"container\" data-e-type=\"container\">\n\t\t\t\t<div class=\"elementor-element elementor-element-91ca12d elementor-widget elementor-widget-image\" data-id=\"91ca12d\" data-element_type=\"widget\" data-e-type=\"widget\" data-widget_type=\"image.default\">\n\t\t\t\t\t\t\t\t\t\t\t\t\t\t\t<img decoding=\"async\" width=\"800\" height=\"427\" src=\"https:\/\/discamargo.com\/wp-content\/uploads\/2026\/04\/Vehiculos-en-carretera-copia-1024x546.webp\" class=\"attachment-large size-large wp-image-406\" alt=\"Discamargo Importador directo de auto partes de excelente calidad\" srcset=\"https:\/\/discamargo.com\/wp-content\/uploads\/2026\/04\/Vehiculos-en-carretera-copia-1024x546.webp 1024w, https:\/\/discamargo.com\/wp-content\/uploads\/2026\/04\/Vehiculos-en-carretera-copia-300x160.webp 300w, https:\/\/discamargo.com\/wp-content\/uploads\/2026\/04\/Vehiculos-en-carretera-copia-768x410.webp 768w, https:\/\/discamargo.com\/wp-content\/uploads\/2026\/04\/Vehiculos-en-carretera-copia-1536x819.webp 1536w, https:\/\/discamargo.com\/wp-content\/uploads\/2026\/04\/Vehiculos-en-carretera-copia-600x320.webp 600w, https:\/\/discamargo.com\/wp-content\/uploads\/2026\/04\/Vehiculos-en-carretera-copia.webp 1717w\" sizes=\"(max-width: 800px) 100vw, 800px\" \/>\t\t\t\t\t\t\t\t\t\t\t\t\t\t\t<\/div>\n\t\t\t\t<\/div>\n\t\t\t\t\t<\/div>\n\t\t\t\t<\/div>\n\t\t<div class=\"elementor-element elementor-element-adfcd7d e-flex e-con-boxed e-con e-parent\" data-id=\"adfcd7d\" data-element_type=\"container\" data-e-type=\"container\">\n\t\t\t\t\t<div class=\"e-con-inner\">\n\t\t\t\t<div class=\"elementor-element elementor-element-4cb1cc0 elementor-widget elementor-widget-spacer\" data-id=\"4cb1cc0\" data-element_type=\"widget\" data-e-type=\"widget\" data-widget_type=\"spacer.default\">\n\t\t\t\t\t\t\t<div class=\"elementor-spacer\">\n\t\t\t<div class=\"elementor-spacer-inner\"><\/div>\n\t\t<\/div>\n\t\t\t\t\t\t<\/div>\n\t\t\t\t\t<\/div>\n\t\t\t\t<\/div>\n\t\t\t\t<\/div>\n\t\t","protected":false},"excerpt":{"rendered":"<p>LA EMPRESA \u00bfQui\u00e9nes Somos? Somos una empresa importadora directa de autopartes, con m\u00e1s de 40 a\u00f1os de experiencia en el mercado automotriz. Nos especializamos en ofrecer productos de alta calidad, respaldados por alianzas estrat\u00e9gicas con fabricantes internacionales reconocidos. Nos destacamos por nuestra solidez, cumplimiento y conocimiento t\u00e9cnico, brindando soluciones confiables que responden a las exigencias [&hellip;]<\/p>\n","protected":false},"author":1,"featured_media":0,"parent":0,"menu_order":0,"comment_status":"closed","ping_status":"closed","template":"","meta":{"footnotes":""},"class_list":["post-43","page","type-page","status-publish","hentry"],"jetpack_sharing_enabled":true,"_links":{"self":[{"href":"https:\/\/discamargo.com\/index.php\/wp-json\/wp\/v2\/pages\/43","targetHints":{"allow":["GET"]}}],"collection":[{"href":"https:\/\/discamargo.com\/index.php\/wp-json\/wp\/v2\/pages"}],"about":[{"href":"https:\/\/discamargo.com\/index.php\/wp-json\/wp\/v2\/types\/page"}],"author":[{"embeddable":true,"href":"https:\/\/discamargo.com\/index.php\/wp-json\/wp\/v2\/users\/1"}],"replies":[{"embeddable":true,"href":"https:\/\/discamargo.com\/index.php\/wp-json\/wp\/v2\/comments?post=43"}],"version-history":[{"count":73,"href":"https:\/\/discamargo.com\/index.php\/wp-json\/wp\/v2\/pages\/43\/revisions"}],"predecessor-version":[{"id":566,"href":"https:\/\/discamargo.com\/index.php\/wp-json\/wp\/v2\/pages\/43\/revisions\/566"}],"wp:attachment":[{"href":"https:\/\/discamargo.com\/index.php\/wp-json\/wp\/v2\/media?parent=43"}],"curies":[{"name":"wp","href":"https:\/\/api.w.org\/{rel}","templated":true}]}}