{"id":48,"date":"2026-04-13T20:35:40","date_gmt":"2026-04-13T20:35:40","guid":{"rendered":"https:\/\/discamargo.com\/?page_id=48"},"modified":"2026-04-17T03:34:01","modified_gmt":"2026-04-17T03:34:01","slug":"como-comprar","status":"publish","type":"page","link":"https:\/\/discamargo.com\/index.php\/como-comprar\/","title":{"rendered":"Como Comprar ?"},"content":{"rendered":"\t\t<div data-elementor-type=\"wp-page\" data-elementor-id=\"48\" class=\"elementor elementor-48\" data-elementor-post-type=\"page\">\n\t\t\t\t<div class=\"elementor-element elementor-element-6a2079f e-con-full e-flex e-con e-parent\" data-id=\"6a2079f\" data-element_type=\"container\" data-e-type=\"container\" data-settings=\"{&quot;background_background&quot;:&quot;video&quot;,&quot;background_video_link&quot;:&quot;https:\\\/\\\/youtu.be\\\/SsloPaVQ3FM&quot;,&quot;background_play_on_mobile&quot;:&quot;yes&quot;}\">\n\t\t<div class=\"elementor-background-video-container\">\n\t\t\t\t\t\t\t<div class=\"elementor-background-video-embed\" role=\"presentation\"><\/div>\n\t\t\t\t\t\t<\/div>\t\t<div class=\"elementor-element elementor-element-bf93396 elementor-widget elementor-widget-heading\" data-id=\"bf93396\" data-element_type=\"widget\" data-e-type=\"widget\" data-widget_type=\"heading.default\">\n\t\t\t\t\t<h2 class=\"elementor-heading-title elementor-size-default\">\u00bfCOMO COMPRAR ? <\/h2>\t\t\t\t<\/div>\n\t\t\t\t<\/div>\n\t\t<div class=\"elementor-element elementor-element-2b8708f e-flex e-con-boxed e-con e-parent\" data-id=\"2b8708f\" data-element_type=\"container\" data-e-type=\"container\">\n\t\t\t\t\t<div class=\"e-con-inner\">\n\t\t\t\t<div class=\"elementor-element elementor-element-3b590f4 elementor-view-stacked elementor-shape-circle elementor-widget elementor-widget-icon\" data-id=\"3b590f4\" data-element_type=\"widget\" data-e-type=\"widget\" data-widget_type=\"icon.default\">\n\t\t\t\t\t\t\t<div class=\"elementor-icon-wrapper\">\n\t\t\t<div class=\"elementor-icon\">\n\t\t\t<svg aria-hidden=\"true\" class=\"e-font-icon-svg e-fas-shopping-basket\" viewBox=\"0 0 576 512\" xmlns=\"http:\/\/www.w3.org\/2000\/svg\"><path d=\"M576 216v16c0 13.255-10.745 24-24 24h-8l-26.113 182.788C514.509 462.435 494.257 480 470.37 480H105.63c-23.887 0-44.139-17.565-47.518-41.212L32 256h-8c-13.255 0-24-10.745-24-24v-16c0-13.255 10.745-24 24-24h67.341l106.78-146.821c10.395-14.292 30.407-17.453 44.701-7.058 14.293 10.395 17.453 30.408 7.058 44.701L170.477 192h235.046L326.12 82.821c-10.395-14.292-7.234-34.306 7.059-44.701 14.291-10.395 34.306-7.235 44.701 7.058L484.659 192H552c13.255 0 24 10.745 24 24zM312 392V280c0-13.255-10.745-24-24-24s-24 10.745-24 24v112c0 13.255 10.745 24 24 24s24-10.745 24-24zm112 0V280c0-13.255-10.745-24-24-24s-24 10.745-24 24v112c0 13.255 10.745 24 24 24s24-10.745 24-24zm-224 0V280c0-13.255-10.745-24-24-24s-24 10.745-24 24v112c0 13.255 10.745 24 24 24s24-10.745 24-24z\"><\/path><\/svg>\t\t\t<\/div>\n\t\t<\/div>\n\t\t\t\t\t\t<\/div>\n\t\t\t\t\t<\/div>\n\t\t\t\t<\/div>\n\t\t<div class=\"elementor-element elementor-element-0493dfd e-flex e-con-boxed e-con e-parent\" data-id=\"0493dfd\" data-element_type=\"container\" data-e-type=\"container\">\n\t\t\t\t\t<div class=\"e-con-inner\">\n\t\t\t\t<div class=\"elementor-element elementor-element-565be70 elementor-widget elementor-widget-heading\" data-id=\"565be70\" data-element_type=\"widget\" data-e-type=\"widget\" data-widget_type=\"heading.default\">\n\t\t\t\t\t<h2 class=\"elementor-heading-title elementor-size-default\">\u00bfC\u00f3mo comprar en nuestra p\u00e1gina web?  Gu\u00eda paso a paso<\/h2>\t\t\t\t<\/div>\n\t\t\t\t\t<\/div>\n\t\t\t\t<\/div>\n\t\t<div class=\"elementor-element elementor-element-acec2eb e-flex e-con-boxed e-con e-parent\" data-id=\"acec2eb\" data-element_type=\"container\" data-e-type=\"container\">\n\t\t\t\t\t<div class=\"e-con-inner\">\n\t\t\t\t<div class=\"elementor-element elementor-element-d2c40df elementor-widget elementor-widget-text-editor\" data-id=\"d2c40df\" data-element_type=\"widget\" data-e-type=\"widget\" data-widget_type=\"text-editor.default\">\n\t\t\t\t\t\t\t\t\t<p>Adquirir sus repuestos en l\u00ednea es un proceso simple, seguro y eficiente. Siga estos pasos:<\/p>\t\t\t\t\t\t\t\t<\/div>\n\t\t\t\t\t<\/div>\n\t\t\t\t<\/div>\n\t\t<div class=\"elementor-element elementor-element-13e1296 e-flex e-con-boxed e-con e-parent\" data-id=\"13e1296\" data-element_type=\"container\" data-e-type=\"container\">\n\t\t\t\t\t<div class=\"e-con-inner\">\n\t\t<div class=\"elementor-element elementor-element-35ae51a e-con-full e-flex e-con e-child\" data-id=\"35ae51a\" data-element_type=\"container\" data-e-type=\"container\">\n\t\t\t\t<div class=\"elementor-element elementor-element-cdc5b06 elementor-widget elementor-widget-text-editor\" data-id=\"cdc5b06\" data-element_type=\"widget\" data-e-type=\"widget\" data-widget_type=\"text-editor.default\">\n\t\t\t\t\t\t\t\t\t<p data-start=\"314\" data-end=\"481\"><strong data-start=\"314\" data-end=\"350\">1. Acceder a la secci\u00f3n \u201cTienda\u201d<\/strong><br data-start=\"350\" data-end=\"353\" \/>Dir\u00edjase al men\u00fa principal e ingrese a la secci\u00f3n \u201cTienda\u201d, donde encontrar\u00e1 nuestro cat\u00e1logo completo de repuestos disponibles.<\/p><p data-start=\"483\" data-end=\"609\"><strong data-start=\"483\" data-end=\"518\">2. Buscar el repuesto requerido<\/strong><br data-start=\"518\" data-end=\"521\" \/>Utilice las categor\u00edas\u00a0 para localizar f\u00e1cilmente el producto que necesita.<\/p><p data-start=\"611\" data-end=\"765\"><strong data-start=\"611\" data-end=\"658\">3. Consultar precio y detalles del producto<\/strong><br data-start=\"658\" data-end=\"661\" \/>Al seleccionar el repuesto, podr\u00e1 visualizar informaci\u00f3n detallada, disponibilidad y precio actualizado.<\/p>\t\t\t\t\t\t\t\t<\/div>\n\t\t\t\t<\/div>\n\t\t<div class=\"elementor-element elementor-element-9b896af e-con-full e-flex e-con e-child\" data-id=\"9b896af\" data-element_type=\"container\" data-e-type=\"container\">\n\t\t\t\t<div class=\"elementor-element elementor-element-5c287ec elementor-widget elementor-widget-image\" data-id=\"5c287ec\" data-element_type=\"widget\" data-e-type=\"widget\" data-widget_type=\"image.default\">\n\t\t\t\t\t\t\t\t\t\t\t\t\t\t\t<img fetchpriority=\"high\" decoding=\"async\" width=\"683\" height=\"1024\" src=\"https:\/\/discamargo.com\/wp-content\/uploads\/2026\/04\/Ejecutivo-realizando-pago-por-internet-copia-683x1024.webp\" class=\"attachment-large size-large wp-image-439\" alt=\"Pago seguro Discamargo S A\" srcset=\"https:\/\/discamargo.com\/wp-content\/uploads\/2026\/04\/Ejecutivo-realizando-pago-por-internet-copia-683x1024.webp 683w, https:\/\/discamargo.com\/wp-content\/uploads\/2026\/04\/Ejecutivo-realizando-pago-por-internet-copia-200x300.webp 200w, https:\/\/discamargo.com\/wp-content\/uploads\/2026\/04\/Ejecutivo-realizando-pago-por-internet-copia-768x1152.webp 768w, https:\/\/discamargo.com\/wp-content\/uploads\/2026\/04\/Ejecutivo-realizando-pago-por-internet-copia-600x900.webp 600w, https:\/\/discamargo.com\/wp-content\/uploads\/2026\/04\/Ejecutivo-realizando-pago-por-internet-copia.webp 1024w\" sizes=\"(max-width: 683px) 100vw, 683px\" \/>\t\t\t\t\t\t\t\t\t\t\t\t\t\t\t<\/div>\n\t\t\t\t<\/div>\n\t\t<div class=\"elementor-element elementor-element-13fbeb1 e-con-full e-flex e-con e-child\" data-id=\"13fbeb1\" data-element_type=\"container\" data-e-type=\"container\">\n\t\t\t\t<div class=\"elementor-element elementor-element-99a7419 elementor-widget elementor-widget-text-editor\" data-id=\"99a7419\" data-element_type=\"widget\" data-e-type=\"widget\" data-widget_type=\"text-editor.default\">\n\t\t\t\t\t\t\t\t\t<p data-start=\"767\" data-end=\"877\"><strong data-start=\"767\" data-end=\"801\">4. A\u00f1adir al carrito de compra<\/strong><br data-start=\"801\" data-end=\"804\" \/>Incorpore el producto al carrito para continuar con el proceso de compra.<\/p><p data-start=\"879\" data-end=\"1057\"><strong data-start=\"879\" data-end=\"927\">5. Realizar el pago en l\u00ednea de forma segura<\/strong><br data-start=\"927\" data-end=\"930\" \/>Complete la transacci\u00f3n mediante nuestros m\u00e9todos de pago confiables, dise\u00f1ados para garantizar la seguridad de su informaci\u00f3n.<\/p><p data-start=\"1059\" data-end=\"1200\"><strong data-start=\"1059\" data-end=\"1093\">6. Env\u00edo r\u00e1pido a su ubicaci\u00f3n<\/strong><br data-start=\"1093\" data-end=\"1096\" \/>El repuesto ser\u00e1 despachado a trav\u00e9s de una transportadora, asegurando una entrega oportuna y eficiente.<\/p>\t\t\t\t\t\t\t\t<\/div>\n\t\t\t\t<\/div>\n\t\t\t\t\t<\/div>\n\t\t\t\t<\/div>\n\t\t<div class=\"elementor-element elementor-element-787ff5d e-flex e-con-boxed e-con e-parent\" data-id=\"787ff5d\" data-element_type=\"container\" data-e-type=\"container\" data-settings=\"{&quot;background_background&quot;:&quot;classic&quot;}\">\n\t\t\t\t\t<div class=\"e-con-inner\">\n\t\t\t\t<div class=\"elementor-element elementor-element-583ab6e elementor-widget elementor-widget-text-editor\" data-id=\"583ab6e\" data-element_type=\"widget\" data-e-type=\"widget\" data-widget_type=\"text-editor.default\">\n\t\t\t\t\t\t\t\t\t<p><strong data-start=\"1202\" data-end=\"1245\">\u00bfNo encuentra el repuesto que necesita?<\/strong><br data-start=\"1245\" data-end=\"1248\" \/>Se recomienda ponerse en contacto con nuestro equipo de atenci\u00f3n para recibir asesor\u00eda personalizada.<\/p>\t\t\t\t\t\t\t\t<\/div>\n\t\t\t\t\t<\/div>\n\t\t\t\t<\/div>\n\t\t<div class=\"elementor-element elementor-element-dff687c e-flex e-con-boxed e-con e-parent\" data-id=\"dff687c\" data-element_type=\"container\" data-e-type=\"container\">\n\t\t\t\t\t<div class=\"e-con-inner\">\n\t\t\t\t<div class=\"elementor-element elementor-element-be89a6a elementor-view-stacked elementor-shape-circle elementor-widget elementor-widget-icon\" data-id=\"be89a6a\" data-element_type=\"widget\" data-e-type=\"widget\" data-widget_type=\"icon.default\">\n\t\t\t\t\t\t\t<div class=\"elementor-icon-wrapper\">\n\t\t\t<div class=\"elementor-icon\">\n\t\t\t<svg aria-hidden=\"true\" class=\"e-font-icon-svg e-fab-sistrix\" viewBox=\"0 0 448 512\" xmlns=\"http:\/\/www.w3.org\/2000\/svg\"><path d=\"M448 449L301.2 300.2c20-27.9 31.9-62.2 31.9-99.2 0-93.1-74.7-168.9-166.5-168.9C74.7 32 0 107.8 0 200.9s74.7 168.9 166.5 168.9c39.8 0 76.3-14.2 105-37.9l146 148.1 30.5-31zM166.5 330.8c-70.6 0-128.1-58.3-128.1-129.9S95.9 71 166.5 71s128.1 58.3 128.1 129.9-57.4 129.9-128.1 129.9z\"><\/path><\/svg>\t\t\t<\/div>\n\t\t<\/div>\n\t\t\t\t\t\t<\/div>\n\t\t\t\t\t<\/div>\n\t\t\t\t<\/div>\n\t\t<div class=\"elementor-element elementor-element-3f5a3e5 e-flex e-con-boxed e-con e-parent\" data-id=\"3f5a3e5\" data-element_type=\"container\" data-e-type=\"container\">\n\t\t\t\t\t<div class=\"e-con-inner\">\n\t\t\t\t<div class=\"elementor-element elementor-element-a31bc71 elementor-widget elementor-widget-heading\" data-id=\"a31bc71\" data-element_type=\"widget\" data-e-type=\"widget\" data-widget_type=\"heading.default\">\n\t\t\t\t\t<h2 class=\"elementor-heading-title elementor-size-default\">El repuesto que necesita, en pocos clics.\nCompra r\u00e1pida, pago seguro y env\u00edo directo a su ubicaci\u00f3n sin complicaciones.<\/h2>\t\t\t\t<\/div>\n\t\t\t\t\t<\/div>\n\t\t\t\t<\/div>\n\t\t<div class=\"elementor-element elementor-element-f644cfe e-flex e-con-boxed e-con e-parent\" data-id=\"f644cfe\" data-element_type=\"container\" data-e-type=\"container\">\n\t\t\t\t\t<div class=\"e-con-inner\">\n\t\t\t\t<div class=\"elementor-element elementor-element-1cded45 elementor-align-center elementor-widget elementor-widget-button\" data-id=\"1cded45\" data-element_type=\"widget\" data-e-type=\"widget\" data-widget_type=\"button.default\">\n\t\t\t\t\t\t\t\t\t\t<a class=\"elementor-button elementor-button-link elementor-size-sm\" href=\"#\">\n\t\t\t\t\t\t<span class=\"elementor-button-content-wrapper\">\n\t\t\t\t\t\t<span class=\"elementor-button-icon\">\n\t\t\t\t<svg aria-hidden=\"true\" class=\"e-font-icon-svg e-far-arrow-alt-circle-right\" viewBox=\"0 0 512 512\" xmlns=\"http:\/\/www.w3.org\/2000\/svg\"><path d=\"M504 256C504 119 393 8 256 8S8 119 8 256s111 248 248 248 248-111 248-248zm-448 0c0-110.5 89.5-200 200-200s200 89.5 200 200-89.5 200-200 200S56 366.5 56 256zm72 20v-40c0-6.6 5.4-12 12-12h116v-67c0-10.7 12.9-16 20.5-8.5l99 99c4.7 4.7 4.7 12.3 0 17l-99 99c-7.6 7.6-20.5 2.2-20.5-8.5v-67H140c-6.6 0-12-5.4-12-12z\"><\/path><\/svg>\t\t\t<\/span>\n\t\t\t\t\t\t\t\t\t<span class=\"elementor-button-text\">Tienda Virtual<\/span>\n\t\t\t\t\t<\/span>\n\t\t\t\t\t<\/a>\n\t\t\t\t\t\t\t\t<\/div>\n\t\t\t\t\t<\/div>\n\t\t\t\t<\/div>\n\t\t<div class=\"elementor-element elementor-element-4f2dae5 e-flex e-con-boxed e-con e-parent\" data-id=\"4f2dae5\" data-element_type=\"container\" data-e-type=\"container\">\n\t\t\t\t\t<div class=\"e-con-inner\">\n\t\t\t\t<div class=\"elementor-element elementor-element-e2627a0 elementor-widget elementor-widget-spacer\" data-id=\"e2627a0\" data-element_type=\"widget\" data-e-type=\"widget\" data-widget_type=\"spacer.default\">\n\t\t\t\t\t\t\t<div class=\"elementor-spacer\">\n\t\t\t<div class=\"elementor-spacer-inner\"><\/div>\n\t\t<\/div>\n\t\t\t\t\t\t<\/div>\n\t\t\t\t\t<\/div>\n\t\t\t\t<\/div>\n\t\t\t\t<\/div>\n\t\t","protected":false},"excerpt":{"rendered":"<p>\u00bfCOMO COMPRAR ? \u00bfC\u00f3mo comprar en nuestra p\u00e1gina web? Gu\u00eda paso a paso Adquirir sus repuestos en l\u00ednea es un proceso simple, seguro y eficiente. Siga estos pasos: 1. Acceder a la secci\u00f3n \u201cTienda\u201dDir\u00edjase al men\u00fa principal e ingrese a la secci\u00f3n \u201cTienda\u201d, donde encontrar\u00e1 nuestro cat\u00e1logo completo de repuestos disponibles. 2. Buscar el repuesto [&hellip;]<\/p>\n","protected":false},"author":1,"featured_media":0,"parent":0,"menu_order":0,"comment_status":"closed","ping_status":"closed","template":"","meta":{"footnotes":""},"class_list":["post-48","page","type-page","status-publish","hentry"],"jetpack_sharing_enabled":true,"_links":{"self":[{"href":"https:\/\/discamargo.com\/index.php\/wp-json\/wp\/v2\/pages\/48","targetHints":{"allow":["GET"]}}],"collection":[{"href":"https:\/\/discamargo.com\/index.php\/wp-json\/wp\/v2\/pages"}],"about":[{"href":"https:\/\/discamargo.com\/index.php\/wp-json\/wp\/v2\/types\/page"}],"author":[{"embeddable":true,"href":"https:\/\/discamargo.com\/index.php\/wp-json\/wp\/v2\/users\/1"}],"replies":[{"embeddable":true,"href":"https:\/\/discamargo.com\/index.php\/wp-json\/wp\/v2\/comments?post=48"}],"version-history":[{"count":82,"href":"https:\/\/discamargo.com\/index.php\/wp-json\/wp\/v2\/pages\/48\/revisions"}],"predecessor-version":[{"id":572,"href":"https:\/\/discamargo.com\/index.php\/wp-json\/wp\/v2\/pages\/48\/revisions\/572"}],"wp:attachment":[{"href":"https:\/\/discamargo.com\/index.php\/wp-json\/wp\/v2\/media?parent=48"}],"curies":[{"name":"wp","href":"https:\/\/api.w.org\/{rel}","templated":true}]}}