{"id":575,"date":"2026-04-17T15:05:13","date_gmt":"2026-04-17T15:05:13","guid":{"rendered":"https:\/\/discamargo.com\/?post_type=product&#038;p=575"},"modified":"2026-04-17T15:06:56","modified_gmt":"2026-04-17T15:06:56","slug":"actuador-transferencia-d-max-3-0-4x4-2012-isuzu","status":"publish","type":"product","link":"https:\/\/discamargo.com\/index.php\/producto\/actuador-transferencia-d-max-3-0-4x4-2012-isuzu\/","title":{"rendered":"ACTUADOR TRANSFERENCIA D-MAX 3.0 4X4 \/2012 &#8211; ISUZU"},"content":{"rendered":"","protected":false},"excerpt":{"rendered":"<p>Dispositivo electromec\u00e1nico dise\u00f1ado para gestionar el sistema de transferencia en veh\u00edculos Isuzu D-Max 3.0 modelo 2012 con tracci\u00f3n 4&#215;4. Permite el cambio preciso entre modos de tracci\u00f3n (2H, 4H y 4L), asegurando una respuesta eficiente y sincronizada del sistema. Fabricado bajo especificaciones t\u00e9cnicas exigentes, ofrece alta durabilidad, resistencia a condiciones severas y compatibilidad directa tipo OEM, facilitando una instalaci\u00f3n r\u00e1pida y un desempe\u00f1o confiable en el tren motriz.<\/p>\n","protected":false},"featured_media":576,"comment_status":"open","ping_status":"closed","template":"","meta":[],"product_brand":[],"product_cat":[16],"product_tag":[],"class_list":{"0":"post-575","1":"product","2":"type-product","3":"status-publish","4":"has-post-thumbnail","6":"product_cat-sin-categorizar","8":"first","9":"instock","10":"shipping-taxable","11":"purchasable","12":"product-type-simple"},"jetpack_sharing_enabled":true,"_links":{"self":[{"href":"https:\/\/discamargo.com\/index.php\/wp-json\/wp\/v2\/product\/575","targetHints":{"allow":["GET"]}}],"collection":[{"href":"https:\/\/discamargo.com\/index.php\/wp-json\/wp\/v2\/product"}],"about":[{"href":"https:\/\/discamargo.com\/index.php\/wp-json\/wp\/v2\/types\/product"}],"replies":[{"embeddable":true,"href":"https:\/\/discamargo.com\/index.php\/wp-json\/wp\/v2\/comments?post=575"}],"wp:featuredmedia":[{"embeddable":true,"href":"https:\/\/discamargo.com\/index.php\/wp-json\/wp\/v2\/media\/576"}],"wp:attachment":[{"href":"https:\/\/discamargo.com\/index.php\/wp-json\/wp\/v2\/media?parent=575"}],"wp:term":[{"taxonomy":"product_brand","embeddable":true,"href":"https:\/\/discamargo.com\/index.php\/wp-json\/wp\/v2\/product_brand?post=575"},{"taxonomy":"product_cat","embeddable":true,"href":"https:\/\/discamargo.com\/index.php\/wp-json\/wp\/v2\/product_cat?post=575"},{"taxonomy":"product_tag","embeddable":true,"href":"https:\/\/discamargo.com\/index.php\/wp-json\/wp\/v2\/product_tag?post=575"}],"curies":[{"name":"wp","href":"https:\/\/api.w.org\/{rel}","templated":true}]}}