{"id":580,"date":"2026-04-17T15:15:42","date_gmt":"2026-04-17T15:15:42","guid":{"rendered":"https:\/\/discamargo.com\/?post_type=product&#038;p=580"},"modified":"2026-04-17T15:15:55","modified_gmt":"2026-04-17T15:15:55","slug":"balinera-clutch-luv-1600-2000-super-c-suzuk-sj410mrk","status":"publish","type":"product","link":"https:\/\/discamargo.com\/index.php\/producto\/balinera-clutch-luv-1600-2000-super-c-suzuk-sj410mrk\/","title":{"rendered":"BALINERA CLUTCH LUV 1600 2000 SUPER C. SUZUK SJ410\tMRK"},"content":{"rendered":"","protected":false},"excerpt":{"rendered":"<p>Rodamiento de empuje dise\u00f1ado para sistemas de embrague en veh\u00edculos Chevrolet LUV 1600, 2000, Super Carry y Suzuki SJ410. Su funci\u00f3n es garantizar un desacople suave y preciso del clutch, reduciendo la fricci\u00f3n y el desgaste en el conjunto. Fabricada con acero de alta resistencia y sellos de protecci\u00f3n, ofrece excelente durabilidad, operaci\u00f3n silenciosa y desempe\u00f1o confiable bajo condiciones exigentes. Compatible bajo especificaciones OEM para una instalaci\u00f3n directa y ajuste \u00f3ptimo.<\/p>\n","protected":false},"featured_media":581,"comment_status":"open","ping_status":"closed","template":"","meta":[],"product_brand":[],"product_cat":[16],"product_tag":[],"class_list":{"0":"post-580","1":"product","2":"type-product","3":"status-publish","4":"has-post-thumbnail","6":"product_cat-sin-categorizar","8":"first","9":"instock","10":"shipping-taxable","11":"purchasable","12":"product-type-simple"},"jetpack_sharing_enabled":true,"_links":{"self":[{"href":"https:\/\/discamargo.com\/index.php\/wp-json\/wp\/v2\/product\/580","targetHints":{"allow":["GET"]}}],"collection":[{"href":"https:\/\/discamargo.com\/index.php\/wp-json\/wp\/v2\/product"}],"about":[{"href":"https:\/\/discamargo.com\/index.php\/wp-json\/wp\/v2\/types\/product"}],"replies":[{"embeddable":true,"href":"https:\/\/discamargo.com\/index.php\/wp-json\/wp\/v2\/comments?post=580"}],"wp:featuredmedia":[{"embeddable":true,"href":"https:\/\/discamargo.com\/index.php\/wp-json\/wp\/v2\/media\/581"}],"wp:attachment":[{"href":"https:\/\/discamargo.com\/index.php\/wp-json\/wp\/v2\/media?parent=580"}],"wp:term":[{"taxonomy":"product_brand","embeddable":true,"href":"https:\/\/discamargo.com\/index.php\/wp-json\/wp\/v2\/product_brand?post=580"},{"taxonomy":"product_cat","embeddable":true,"href":"https:\/\/discamargo.com\/index.php\/wp-json\/wp\/v2\/product_cat?post=580"},{"taxonomy":"product_tag","embeddable":true,"href":"https:\/\/discamargo.com\/index.php\/wp-json\/wp\/v2\/product_tag?post=580"}],"curies":[{"name":"wp","href":"https:\/\/api.w.org\/{rel}","templated":true}]}}