{"id":582,"date":"2026-04-17T15:18:50","date_gmt":"2026-04-17T15:18:50","guid":{"rendered":"https:\/\/discamargo.com\/?post_type=product&#038;p=582"},"modified":"2026-04-17T15:19:03","modified_gmt":"2026-04-17T15:19:03","slug":"balinera-clutch-mazda-b2000-b2200-bt50-mrk","status":"publish","type":"product","link":"https:\/\/discamargo.com\/index.php\/producto\/balinera-clutch-mazda-b2000-b2200-bt50-mrk\/","title":{"rendered":"BALINERA CLUTCH MAZDA B2000-B2200-BT50   MRK"},"content":{"rendered":"","protected":false},"excerpt":{"rendered":"<p>Rodamiento de empuje dise\u00f1ado para sistemas de embrague en veh\u00edculos Mazda B2000, B2200 y BT-50. Su funci\u00f3n es asegurar un desacople suave y eficiente del clutch, minimizando la fricci\u00f3n y el desgaste de los componentes asociados. Fabricada con acero de alta resistencia y precisi\u00f3n en su mecanizado, ofrece operaci\u00f3n silenciosa, alta durabilidad y rendimiento confiable bajo condiciones de trabajo exigentes. Compatible bajo especificaciones OEM para una instalaci\u00f3n directa y ajuste preciso.<\/p>\n","protected":false},"featured_media":583,"comment_status":"open","ping_status":"closed","template":"","meta":[],"product_brand":[],"product_cat":[16],"product_tag":[],"class_list":{"0":"post-582","1":"product","2":"type-product","3":"status-publish","4":"has-post-thumbnail","6":"product_cat-sin-categorizar","8":"first","9":"instock","10":"shipping-taxable","11":"purchasable","12":"product-type-simple"},"jetpack_sharing_enabled":true,"_links":{"self":[{"href":"https:\/\/discamargo.com\/index.php\/wp-json\/wp\/v2\/product\/582","targetHints":{"allow":["GET"]}}],"collection":[{"href":"https:\/\/discamargo.com\/index.php\/wp-json\/wp\/v2\/product"}],"about":[{"href":"https:\/\/discamargo.com\/index.php\/wp-json\/wp\/v2\/types\/product"}],"replies":[{"embeddable":true,"href":"https:\/\/discamargo.com\/index.php\/wp-json\/wp\/v2\/comments?post=582"}],"wp:featuredmedia":[{"embeddable":true,"href":"https:\/\/discamargo.com\/index.php\/wp-json\/wp\/v2\/media\/583"}],"wp:attachment":[{"href":"https:\/\/discamargo.com\/index.php\/wp-json\/wp\/v2\/media?parent=582"}],"wp:term":[{"taxonomy":"product_brand","embeddable":true,"href":"https:\/\/discamargo.com\/index.php\/wp-json\/wp\/v2\/product_brand?post=582"},{"taxonomy":"product_cat","embeddable":true,"href":"https:\/\/discamargo.com\/index.php\/wp-json\/wp\/v2\/product_cat?post=582"},{"taxonomy":"product_tag","embeddable":true,"href":"https:\/\/discamargo.com\/index.php\/wp-json\/wp\/v2\/product_tag?post=582"}],"curies":[{"name":"wp","href":"https:\/\/api.w.org\/{rel}","templated":true}]}}